{"id":3,"date":"2021-06-02T21:23:56","date_gmt":"2021-06-02T21:23:56","guid":{"rendered":"https:\/\/claudiapaolapsicologa.com\/?page_id=3"},"modified":"2026-02-02T13:55:00","modified_gmt":"2026-02-02T19:55:00","slug":"aviso-de-privacidad","status":"publish","type":"page","link":"https:\/\/claudiapaolapsicologa.com\/en\/aviso-de-privacidad\/","title":{"rendered":"Aviso de Privacidad | T\u00e9rminos y condiciones"},"content":{"rendered":"<div data-elementor-type=\"wp-page\" data-elementor-id=\"3\" class=\"elementor elementor-3\" data-elementor-settings=\"[]\">\n\t\t\t\t\t\t\t<div class=\"elementor-section-wrap\">\n\t\t\t\t\t\t\t<section class=\"elementor-section elementor-top-section elementor-element elementor-element-625decee elementor-section-boxed elementor-section-height-default elementor-section-height-default\" data-id=\"625decee\" data-element_type=\"section\">\n\t\t\t\t\t\t<div class=\"elementor-container elementor-column-gap-default\">\n\t\t\t\t\t<div class=\"elementor-column elementor-col-100 elementor-top-column elementor-element elementor-element-46158d15\" data-id=\"46158d15\" data-element_type=\"column\">\n\t\t\t<div class=\"elementor-widget-wrap elementor-element-populated\">\n\t\t\t\t\t\t\t\t<div class=\"elementor-element elementor-element-236c1f37 elementor-widget elementor-widget-text-editor\" data-id=\"236c1f37\" data-element_type=\"widget\" data-widget_type=\"text-editor.default\">\n\t\t\t\t<div class=\"elementor-widget-container\">\n\t\t\t\t\t\t\t\t<p><strong>AVISO DE PRIVACIDAD<\/strong><\/p><p>La protecci\u00f3n de sus datos personales es muy importante CLAUDIA PAOLA PSICOLOGA\u00ae, raz\u00f3n por la<br \/>cual, este AVISO DE PRIVACIDAD tiene como finalidad informarle el tipo de datos personales que<br \/>recabamos de usted, la manera en que los utilizamos y con quien los compartimos, con base en la Ley Federal de Protecci\u00f3n de Datos Personales en Protecci\u00f3n de los Particulares publicada en el DOF el 20 de marzo del 2025. (LFPDPPP)<br \/>I. Informaci\u00f3n personal y sensible. El responsable, recaba informaci\u00f3n de manera enunciativa, pero no limitativa, los siguientes datos personales: Nombre completo, edad, domicilio, tel\u00e9fono (fijo y\/o m\u00f3vil), correo electr\u00f3nico, fecha de nacimiento, y en general, toda informaci\u00f3n personal que tenga relaci\u00f3n directa o indirecta para la prestaci\u00f3n de los servicios psicol\u00f3gicos.<br \/>El Responsable se compromete a no recopilar datos sensibles sin su expreso consentimiento. Los datos sensibles son aquellos que pueden revelar aspectos como origen racial o \u00e9tnico, estado de salud presente y futuro, enfermedades mentales, historial familiar tanto de salud y mental, creencias religiosas y preferencia sexual y se recopilan en informaci\u00f3n, im\u00e1genes o fotograf\u00edas, al momento de obtener el historial cl\u00ednico, por lo tanto, el historial cl\u00ednico deber\u00e1 estar firmado por usted, al momento de entregarlo a<br \/>la Lic. Psic. Claudia Paola Nev\u00e1rez Mendoza como responsable del tratamiento de datos personales y sensibles.<br \/>II. Finalidad de la recopilaci\u00f3n de la informaci\u00f3n personal. La informaci\u00f3n recopilada es con el fin de proporcionar el mejor servicio posible, particularmente para.<br \/>&#8211; Agendar citas y generar facturas y recibos de pago,<br \/>&#8211; Creaci\u00f3n de expedientes cl\u00ednicos y cumplir con requerimientos legales que le son aplicables,<br \/>&#8211; Evaluar la calidad del servicio prestado y publicidad comercial.<br \/>III. Medios para que el titular pueda limitar el uso o divulgaci\u00f3n de informaci\u00f3n personal. Usted puede<br \/>limitar el uso y divulgaci\u00f3n de su informaci\u00f3n personal a trav\u00e9s de los siguientes medios:<br \/>\uf0b7 Por correo electr\u00f3nico: cnevarez@sandiego.edu , a trav\u00e9s de un escrito en el que mencione, (i) los datos que pretende limitar a partir de su solicitud, (ii) nombre completo y (iii) tel\u00e9fono de contacto.<br \/>\uf0b7 Comunicarse al n\u00famero telef\u00f3nico: 81.31.36. 33.31<br \/>\uf0b7 Contacto directo del responsable: Lic. Psic. Claudia Paola Nev\u00e1rez Mendoza.<br \/>IV. Mecanismo para ejercer los Derechos ARCO. Acceso, rectificaci\u00f3n, cancelaci\u00f3n u oposici\u00f3n. Usted cuenta con el derecho de Acceso, Rectificaci\u00f3n y Oposici\u00f3n (Derechos ARCO) respecto a sus datos personales, as\u00ed como la revocaci\u00f3n del consentimiento otorgado para el tratamiento de estos. A<br \/>continuaci\u00f3n, se describen estos derechos:<br \/>\uf0b7 Acceso: Tiene derecho a conocer qu\u00e9 datos personales poseemos, para qu\u00e9 se utilizan, y las condiciones del uso que les damos.<br \/>\uf0b7 Rectificaci\u00f3n: Tiene el derecho de solicitar la correcci\u00f3n de sus datos personales en caso de que<br \/>est\u00e9n desactualizados, sean inexactos o incompletos.<br \/>\uf0b7 Cancelaci\u00f3n: Con base en el art\u00edculo 25, fracci\u00f3n VII de la LFPDPPP. Los datos personales<br \/>previamente otorgados a Claudia Paola Nev\u00e1rez Mendoza, no pueden cancelarse porque estos han sido utilizados para la prevenci\u00f3n o diagn\u00f3stico mental o bien para la gesti\u00f3n de los servicios de salud.<br \/>\uf0b7 Oposici\u00f3n: Tiene derecho a oponerse al tratamiento de sus datos personales respecto a alguno de los fines establecidos en esta pol\u00edtica, siempre y cuando exista una causa leg\u00edtima y situaci\u00f3n espec\u00edfica que lo justifique.<br \/>\uf0b7 Revocaci\u00f3n del Consentimiento: En cualquier momento, tiene el derecho de revocar el consentimiento que ha otorgado para el tratamiento de sus datos personales, lo cual no tendr\u00e1 efectos retroactivos.<br \/>Procedimiento para Ejercer Derechos ARCO y Revocaci\u00f3n del Consentimiento: Para ejercer sus<br \/>Derechos ARCO o revocar su consentimiento, deber\u00e1 presentar una solicitud por escrito enviada por correo electr\u00f3nico, incluyendo los siguientes datos:<br \/>\uf0b7 Nombre completo y domicilio u otro medio para recibir notificaciones.<br \/>\uf0b7 Copia de su identificaci\u00f3n oficial o documento que acredite su identidad o, en su caso, la<br \/>representaci\u00f3n legal.\u00a0 \u00a0 \u00a0 \u00a0 \u00a0 \u00a0 \u00a0 \u00a0 \u00a0 \u00a0 \uf0b7 Descripci\u00f3n clara y precisa de los datos personales respecto de los cuales busca ejercer alguno de<br \/>los Derechos ARCO, o bien, revocar su consentimiento.<br \/>\uf0b7 Cualquier otro elemento o documento que facilite la localizaci\u00f3n de sus datos personales. Nos comprometemos a responder su solicitud en un plazo no mayor a 10 d\u00edas h\u00e1biles contados desde el d\u00eda en que se recibi\u00f3 la solicitud, a trav\u00e9s del medio que haya se\u00f1alado para recibir notificaciones.<br \/>V. Procedimiento para llevar a cabo las modificaciones al aviso de privacidad. El presente aviso de privacidad puede sufrir modificaciones, cambios o actualizaciones y cuando esto suceda, modificaremos la<br \/>fecha de la \u00faltima actualizaci\u00f3n. Con la finalidad de que usted est\u00e9 informado al respecto le invitamos a consultar el presente Aviso de Privacidad en nuestra \u00e1rea de Recepci\u00f3n.<br \/>VI. Transferencia de informaci\u00f3n personal. Con base en el art\u00edculo 35 de la LFPDPPP, sus datos<br \/>personales pueden ser compartidos exclusivamente con autoridades competentes, bajo las siguientes circunstancias:<br \/>\uf0b7 Autoridades Competentes: En casos espec\u00edficos, sus datos pueden ser compartidos con autoridades competentes, ya sea para cumplir con disposiciones legales, regulaciones, procesos legales, solicitudes gubernamentales, o para proteger nuestros derechos y propiedad.<br \/>\uf0b7 Transferencias con Consentimiento: En cualquier otra situaci\u00f3n, sus datos personales s\u00f3lo ser\u00e1n compartidos con terceros si contamos con su consentimiento expreso. Las transferencias de datos ser\u00e1n llevadas a cabo bajo los m\u00e1s estrictos protocolos de seguridad para garantizar la confidencialidad e integridad de sus datos personales. Asimismo, nos aseguraremos de que las<br \/>partes receptoras cumplan con esta Pol\u00edtica de Privacidad y las legislaciones aplicables de protecci\u00f3n de datos.<br \/>VII. Uso de tecnolog\u00edas de rastreo en sitio de Internet. Al ingresar a nuestra p\u00e1gina web https:\/\/claudiapaolapsicologa.com\/aviso-de-privacidad\/ el servidor guarda la siguiente informaci\u00f3n: el dominio o direcci\u00f3n IP de la computadora que solicita el acceso, la fecha de acceso, el c\u00f3digo de respuesta HTTP, la p\u00e1gina web de la cual ingresa y el n\u00famero de bytes transferidos a trav\u00e9s de la<br \/>conexi\u00f3n, tiempo de navegaci\u00f3n en la p\u00e1gina de Internet, secciones consultadas, y p\u00e1ginas de Internet accedidas previo a la nuestra. La informaci\u00f3n enunciada se obtiene con fines de seguridad en el sistema, as\u00ed como para monitorear su comportamiento como usuario de Internet, brindarle un mejor servicio y experiencia de usuario al navegar en nuestra p\u00e1gina de Internet, as\u00ed como ofrecerle nuevos servicios basados en sus preferencias. Al enviar v\u00eda correo electr\u00f3nico, completar cualquiera de los formularios en l\u00ednea, usted acepta y autoriza a Claudia Paola Nev\u00e1rez Mendoza para utilizar y tratar de forma automatizada tus datos personales e informaci\u00f3n suministrados, los cuales formar\u00e1n parte de nuestra base de datos con la finalidad de usarlos en forma enunciativa, m\u00e1s no limitativa para: identificarte, ubicarte, comunicarte, contactarte, actualizar nuestra base de datos, obtener estad\u00edsticas y promocionar los servicios de Lic. Claudia Paola Nev\u00e1rez Mendoza.<br \/>VII. Aceptaci\u00f3n. Si usted tiene alguna duda sobre el presente aviso de privacidad o no se encuentra de acuerdo con sus t\u00e9rminos, deber\u00e1 manifestar su oposici\u00f3n mediante el env\u00edo de un correo electr\u00f3nico de lo<br \/>contrario, se entender\u00e1 que ha otorgado su completo consentimiento.<\/p><p>Fecha de \u00faltima actualizaci\u00f3n: 15 de diciembre del 2025<\/p><p><strong>T\u00c9RMINOS Y CONDICIONES APLICABLES A LOS SERVICIOS DE PSICOLOG\u00cdA QUE OFRECE CLAUDIA PAOLA NEVAREZ MENDOZA<\/strong><\/p><p>Estos T\u00e9rminos y Condiciones son aplicables a los servicios de psicolog\u00eda que brinda de manera personal Claudia Paola Nev\u00e1rez Mendoza a trav\u00e9s de su portal de internet. Al respecto, estos T\u00e9rminos y Condiciones tienen el objeto de regular la relaci\u00f3n comercial entre la proveedora y los beneficiarios de sus servicios de psicolog\u00eda.<\/p><p>\u00bfQUI\u00c9NES SOMOS?<\/p><p>Claudia Paola Nev\u00e1rez Mendoza es una persona f\u00edsica, mayor de edad, de nacionalidad mexicana, con plena capacidad y facultades para suscribir el presente documento y que se encuentra con domicilio en la ciudad de Monterrey, Nuevo Le\u00f3n, M\u00e9xico y que, dentro de las actividades que conforma como profesionista, se encuentra la prestaci\u00f3n de diversos Servicios de Psicolog\u00eda, con la infraestructura y elementos materiales adecuados, as\u00ed como con experiencia suficiente para prestar dichos servicios. Para la atenci\u00f3n de dudas, aclaraciones, reclamaciones o para proporcionar servicios de orientaci\u00f3n, se\u00f1ala el correo electr\u00f3nico\u00a0<a href=\"mailto:cnevarez@sandiego.edu\">cnevarez@sandiego.edu<\/a> localizado en la p\u00e1gina de internet\u00a0\u00a0con un horario de atenci\u00f3n de 08:00 horas a 19:00 horas.<\/p><p>GLOSARIO<\/p><p>Para los efectos de estos T\u00e9rminos y Condiciones, se entiende por:<\/p><p>(a)\u00a0\u00a0\u00a0\u00a0\u00a0Aviso de Privacidad: Es el aviso de privacidad que, conforme a la Ley Federal de Protecci\u00f3n de Datos Personales en Posesi\u00f3n de Los Particulares, el Proveedor pone a disposici\u00f3n del Contratante y que se encuentra disponible en el portal de internet\u00a0\u00a0<\/p><p>(b)\u00a0\u00a0\u00a0\u00a0\u00a0Contraprestaci\u00f3n: Significa el precio cierto y determinado que el Contratante se obliga a pagar a cambio de que reciba los Servicios de Psicolog\u00eda.<\/p><p>(c)\u00a0\u00a0\u00a0\u00a0\u00a0Contratante: Significa la persona f\u00edsica se\u00f1alada con ese car\u00e1cter en el presente documento oblig\u00e1ndose a pagar al Proveedor las Contraprestaciones aqu\u00ed previstas, a cambio de que reciba los Servicios de Psicolog\u00eda.<\/p><p>(d)\u00a0\u00a0\u00a0\u00a0Partes: Significa conjuntamente el Proveedor y el Contratante.<\/p><p>(e)\u00a0\u00a0\u00a0\u00a0\u00a0\u00a0Proveedor: Significa la persona f\u00edsica Patricia Adelfa Cant\u00fa, que, sujeto a estos T\u00e9rminos y Condiciones, se obliga frente al Contratante a prestar los Servicios de Psicolog\u00eda al Contratante.<\/p><p>(f)\u00a0\u00a0\u00a0\u00a0\u00a0Servicios de Psicolog\u00eda: Es el servicio de terapia basada en necesidades y que, sujeto a estos T\u00e9rminos y Condiciones el Proveedor se obliga a prestar en favor del Contratante a trav\u00e9s de sus diversas plataformas.<\/p><p>(g)\u00a0\u00a0\u00a0\u00a0\u00a0T\u00e9rminos y Condiciones: Significa estos t\u00e9rminos y condiciones que establecer las bases de comercializaci\u00f3n de los Servicios de Psicolog\u00eda que proporciona el Proveedor, y que incluyen, como parte integral del mismo, sus anexos y dem\u00e1s documentos relacionados.\u00a0<\/p><p>CONSIDERACIONES<\/p><ol><li>El Contratante ha recibido del Proveedor, seg\u00fan corresponda, toda la informaci\u00f3n relativa a los Servicios de Psicolog\u00eda, as\u00ed como la informaci\u00f3n relativa a la Contraprestaci\u00f3n y el Aviso de Privacidad.<\/li><li>El Contratante cuenta con la capacidad jur\u00eddica necesaria para sujetarse a estos T\u00e9rminos y Condiciones.<\/li><\/ol><p>DISPOSICIONES<\/p><ol><li>El Contratante manifiesta su voluntad para consentir y aceptar estos T\u00e9rminos y Condiciones, a fin de que el Proveedor preste los Servicios de Psicolog\u00eda a favor del Contratante; y a cambio de tal servicio, el Contratante se obliga frente al Proveedor a pagar la Contraprestaci\u00f3n de manera puntual y total.<\/li><li>El Contratante reconoce que la aceptaci\u00f3n a estos T\u00e9rminos y Condiciones quedar\u00e1 por perfeccionada para todos los efectos a que haya lugar y sujetar\u00e1 a todas las Partes por virtud del simple pago de la Contraprestaci\u00f3n mediante la manifestaci\u00f3n de haber le\u00eddo y entendido estos T\u00e9rminos y Condiciones, a trav\u00e9s de la plataforma y medios digitales empleados por el Proveedor en la p\u00e1gina de sitio web:\u00a0<\/li><li>Como Contraprestaci\u00f3n por los Servicios de Psicolog\u00eda, el Contratante pagar\u00e1 al Proveedor la cantidad total aplicable acorde a la informaci\u00f3n que se despliega en el sitio web. El Proveedor no podr\u00e1 hacer el cobro por servicios que no se encuentren aqu\u00ed contemplados en estos T\u00e9rminos y Condiciones y sus anexo; salvo aquellos que sean solicitados por escrito al Contratante.\u00a0<\/li><li>El Contratante efectuar\u00e1 el pago correspondiente por los Servicios de Psicolog\u00eda en el domicilio del Proveedor aqu\u00ed se\u00f1alado estos T\u00e9rminos y Condiciones o bajo alguna de las diferentes formas de pago previstas, en moneda nacional dentro de los plazos se\u00f1alados.\u00a0<\/li><li>Sin perjuicio a lo antes previsto, el Contratante se obliga a lo siguiente:<\/li><\/ol><p>(a)\u00a0\u00a0\u00a0\u00a0Entregar la documentaci\u00f3n que le requiere el Proveedor para\u00a0llevar a cabo\u00a0los Servicios de Psicolog\u00eda.<\/p><p>(b)\u00a0\u00a0\u00a0\u00a0Cumplir oportunamente con el pago de los montos como Contraprestaci\u00f3n.<\/p><ol start=\"7\"><li>Son causas de terminaci\u00f3n anticipada a los Servicios de Psicolog\u00eda, que el Contratante antes de que se haya iniciado la prestaci\u00f3n de los Servicios, avise al Proveedor que no requiere de ellos, por lo que el Proveedor solamente deber\u00e1 devolver los montos pagados por ingreso o reingreso cuando:<\/li><\/ol><p>(a)\u00a0\u00a0\u00a0\u00a0El Contratante lo haga de conocimiento por escrito cuando menos 1 (un) d\u00eda h\u00e1bil antes del inicio de la sesi\u00f3n de los Servicios.<\/p><ol start=\"8\"><li>Ser\u00e1n causa de rescisi\u00f3n a la relaci\u00f3n entre el Proveedor y el Contratante, las siguientes:<\/li><li>Por causa imputable al\u00a0Contratante:<\/li><\/ol><p>(a)\u00a0\u00a0\u00a0\u00a0El incumplimiento a cualquiera de sus obligaciones aqu\u00ed establecidas.<\/p><ol><li>Por causa imputable al\u00a0Proveedor:<\/li><\/ol><p>(a)\u00a0\u00a0\u00a0\u00a0El incumplimiento a cualquiera de sus obligaciones aqu\u00ed establecidas.<\/p><p>(b)\u00a0\u00a0\u00a0\u00a0El cobro forzoso por conceptos adicionales que no correspondan a la Contraprestaci\u00f3n.<\/p><ol start=\"9\"><li>Las Partes no ser\u00e1n responsables de cualquier atraso o incumplimiento a estos T\u00e9rminos y Condiciones, cuando el mismo sea resultado de caso fortuito o fuerza mayor. Se entiende por caso fortuito o causa de fuerza mayor, aquellos hechos o acontecimientos ajenos a la voluntad de las Partes, siempre y cuando, dichos hechos o acontecimientos sean imprevisibles, irresistibles, insuperables, actuales y no provengan de alguna negligencia o provocaci\u00f3n de alguna de las Partes. En caso de que una Parte se encuentre imposibilitada para cumplir con estos T\u00e9rminos y Condiciones, deber\u00e1 de hacerlo del conocimiento de la otra Parte por escrito.<\/li><li>Las Partes convienen que estos T\u00e9rminos y Condiciones tiene el car\u00e1cter de confidencial, por lo que el Proveedor se obliga a mantener los datos del Contratante con tal car\u00e1cter y \u00fanicamente podr\u00e1 ser revelada la informaci\u00f3n contenida en el mismo por mandamiento de autoridad competente; de igual forma el Proveedor se obliga a no ceder o transmitir a terceros con fines mercadot\u00e9cnicos, publicitarios o de cualquier otra \u00edndole los datos e informaci\u00f3n proporcionada por el Contratante con motivo de estos T\u00e9rminos y Condiciones, ni enviar publicidad sobre los bienes y servicios, salvo que ello conste en el Aviso de Privacidad del Proveedor dentro de sus fines de tratamiento y el Contratante no ejerza su derechos ARCO (seg\u00fan dicho t\u00e9rmino se define m\u00e1s adelante) en t\u00e9rminos del mismo y la Ley Federal de Protecci\u00f3n de Datos Personales en Posesi\u00f3n de Particulares y su reglamento.<\/li><li>El Contratante podr\u00e1 interponer queja o reclamaci\u00f3n por v\u00eda correo electr\u00f3nico. El Proveedor deber\u00e1 de atender la queja o reclamaci\u00f3n en un lapso no mayor de 48 (cuarenta y ocho) horas contadas a partir de que sea recibida la queja.<\/li><li>El Contratante podr\u00e1 cancelar estos T\u00e9rminos y Condiciones, sin responsabilidad ni penalizaci\u00f3n alguna de su parte, dentro de los 5 (cinco) d\u00edas h\u00e1biles posteriores a su aceptaci\u00f3n, en cuyo caso el Proveedor se obliga a reintegrar todas las cantidades que le hubiere entregado a ese momento. La cancelaci\u00f3n deber\u00e1 hacerse de manera escrita en el domicilio del Proveedor, o bien, por correo registrado o certificado, tomando como fecha de revocaci\u00f3n la de recepci\u00f3n para su env\u00edo. La cancelaci\u00f3n aplica, siempre y cuando los Servicios de Psicolog\u00eda no se haya empezado a prestar.<\/li><li>Para todo lo relativo a la interpretaci\u00f3n, aplicaci\u00f3n y cumplimiento a estos T\u00e9rminos y Condiciones, este se regir\u00e1 conforme a las leyes aplicables en los Estados Unidos Mexicanos y las Partes acuerdan someterse a la jurisdicci\u00f3n de los tribunales competentes en la Ciudad de Monterrey, Nuevo Le\u00f3n, M\u00e9xico, renunciando a cualquier otro fuero que llegare a corresponder con raz\u00f3n del domicilio presente o futuro de las Partes o por cualquier otra raz\u00f3n.<\/li><\/ol><p>Renuncias; Limitaci\u00f3n de Responsabilidad; Indemnidad.\u00a0<\/p><p>Renuncia.<\/p><p>La Titular renuncia a toda declaraci\u00f3n y garant\u00eda, expresa, impl\u00edcita o estatutaria, no expresamente establecida en estas condiciones, incluidas las garant\u00edas impl\u00edcitas de comerciabilidad, idoneidad para un fin particular y no violaci\u00f3n. Adem\u00e1s, la Titular no hace declaraci\u00f3n ni presta garant\u00eda alguna relativa a la fiabilidad, puntualidad, calidad, idoneidad o disponibilidad de los servicios o cualquiera de los servicios o bienes solicitados a trav\u00e9s del uso de los servicios.\u00a0<\/p><p>Limitaci\u00f3n de Responsabilidad.<\/p><p>La Titular no ser\u00e1 responsable de da\u00f1os indirectos, incidentales, especiales, ejemplares, punitivos o emergentes, incluidos el lucro cesante, la p\u00e9rdida de datos, la lesi\u00f3n personal o el da\u00f1o a la propiedad, ni de perjuicios relativos, o en relaci\u00f3n con, o de otro modo derivados de cualquier uso de los servicios, incluso aunque la Titular haya sido advertido de la posibilidad de dichos da\u00f1os.\u00a0<\/p><p>Las limitaciones y la renuncia en este apartado\u00a0\u00a0no pretenden limitar la responsabilidad o alterar sus derechos como consumidor que no puedan excluirse seg\u00fan la ley aplicable.<\/p><p>Indemnidad.<\/p><p>Usted acuerda mantener indemnes y responder frente al Titular por cualquier reclamaci\u00f3n, demanda, p\u00e9rdida, responsabilidad y gasto (incluidos los honorarios de abogados) que deriven de: (i) su uso de los servicios o servicios o bienes obtenidos a trav\u00e9s de su uso de los servicios; (ii) su incumplimiento o violaci\u00f3n de cualquiera de estas condiciones; (iii) el uso por parte del Titular de su contenido de usuario; o (iv) su infracci\u00f3n de los derechos de cualquier tercero, incluidos terceros proveedores.<\/p><p>Propiedad Intelectual<\/p><p>Todos los contenidos de la Web, salvo que se indique lo contrario, son titularidad exclusiva de la Titular y, con car\u00e1cter enunciativo, que no limitativo, el dise\u00f1o gr\u00e1fico, c\u00f3digo fuente, logos, textos, gr\u00e1ficos, ilustraciones, fotograf\u00edas, y dem\u00e1s elementos que aparecen en la Web. Igualmente, todos los nombres comerciales, marcas o signos distintivos de cualquier clase contenidos en el Web est\u00e1n protegidos por la Ley.<\/p><p>La Titular no concede ning\u00fan tipo de licencia o autorizaci\u00f3n de uso personal al Usuario sobre sus derechos de propiedad intelectual e industrial o sobre cualquier otro derecho relacionado con su Web y los servicios ofrecidos en la misma.<\/p><p>Por ello, el Usuario reconoce que la reproducci\u00f3n, distribuci\u00f3n, comercializaci\u00f3n, transformaci\u00f3n, y en general, cualquier otra forma de explotaci\u00f3n, por cualquier procedimiento, de todo o parte de los contenidos de este Web constituye una infracci\u00f3n de los derechos de propiedad intelectual y\/o industrial de la empresa o del titular de los mismos.<\/p><p>El Usuario, \u00fanica y exclusivamente, puede utilizar el material que aparezca en este sitio Web para su uso personal y privado, quedando prohibido su uso con fines comerciales o para incurrir en actividades il\u00edcitas.<\/p><p>La Titular velar\u00e1 por el cumplimiento de las anteriores condiciones como por la debida utilizaci\u00f3n de los contenidos presentados en su p\u00e1gina Web, ejercitando todas las acciones civiles y penales que le correspondan en el caso de infracci\u00f3n o incumplimiento de estos derechos por parte del Usuario.<\/p><p>Protecci\u00f3n de Datos<\/p><p>Previo a la aceptaci\u00f3n estos T\u00e9rminos y Condiciones y en cumplimiento a lo dispuesto en la Ley Federal de Protecci\u00f3n de Datos Personales en Posesi\u00f3n de los Particulares, el Proveedor hizo del conocimiento al Contratante del Aviso de Privacidad, mismo que las Partes podr\u00e1n consultar en el siguiente sitio de internet:\u00a0, as\u00ed como del procedimiento para ejercer los derechos de acceso, rectificaci\u00f3n, cancelaci\u00f3n y oposici\u00f3n al tratamiento de sus datos personales (los \u201cDerechos ARCO\u201d).\u00a0<\/p><p>Confidencialidad<\/p><p>Las Partes convienen que estos T\u00e9rminos y Condiciones tiene el car\u00e1cter de confidencial, por lo que el Proveedor se obliga a mantener los datos del Contratante con tal car\u00e1cter y \u00fanicamente podr\u00e1 ser revelada la informaci\u00f3n contenida en el mismo por mandamiento de autoridad competente; de igual forma el Proveedor se obliga a no ceder o transmitir a terceros con fines mercadot\u00e9cnicos, publicitarios o de cualquier otra \u00edndole los datos e informaci\u00f3n proporcionada por el Contratante con motivo de estos T\u00e9rminos y Condiciones, ni enviar publicidad sobre los bienes y servicios, salvo que ello conste en el Aviso de Privacidad del Proveedor dentro de sus fines de tratamiento y el Contratante no ejerza su derechos ARCO (seg\u00fan dicho t\u00e9rmino se define m\u00e1s adelante) en t\u00e9rminos del mismo y la Ley Federal de Protecci\u00f3n de Datos Personales en Posesi\u00f3n de Particulares y su reglamento.<\/p><p>Ley Aplicable y Jurisdicci\u00f3n<\/p><p>Para todo lo relativo a la interpretaci\u00f3n, aplicaci\u00f3n y cumplimiento a estos T\u00e9rminos y Condiciones, este se regir\u00e1 conforme a las leyes aplicables en los Estados Unidos Mexicanos y las Partes acuerdan someterse a la jurisdicci\u00f3n de los tribunales competentes en la Ciudad de Monterrey, Nuevo Le\u00f3n, M\u00e9xico, renunciando a cualquier otro fuero que llegare a corresponder con raz\u00f3n del domicilio presente o futuro de las Partes o por cualquier otra raz\u00f3n.<\/p>\t\t\t\t\t\t<\/div>\n\t\t\t\t<\/div>\n\t\t\t\t\t<\/div>\n\t\t<\/div>\n\t\t\t\t\t\t\t<\/div>\n\t\t<\/section>\n\t\t\t\t\t\t<\/div>\n\t\t\t\t\t<\/div>","protected":false},"excerpt":{"rendered":"<p>AVISO DE PRIVACIDAD La protecci\u00f3n de sus datos personales es muy importante CLAUDIA PAOLA PSICOLOGA\u00ae, raz\u00f3n por lacual, este AVISO DE PRIVACIDAD tiene como finalidad informarle el tipo de datos personales querecabamos de usted, la manera en que los utilizamos y con quien los compartimos, con base en la Ley Federal de Protecci\u00f3n de Datos [&hellip;]<\/p>","protected":false},"author":1,"featured_media":0,"parent":0,"menu_order":0,"comment_status":"closed","ping_status":"open","template":"","meta":{"footnotes":""},"class_list":["post-3","page","type-page","status-publish","hentry"],"_links":{"self":[{"href":"https:\/\/claudiapaolapsicologa.com\/en\/wp-json\/wp\/v2\/pages\/3","targetHints":{"allow":["GET"]}}],"collection":[{"href":"https:\/\/claudiapaolapsicologa.com\/en\/wp-json\/wp\/v2\/pages"}],"about":[{"href":"https:\/\/claudiapaolapsicologa.com\/en\/wp-json\/wp\/v2\/types\/page"}],"author":[{"embeddable":true,"href":"https:\/\/claudiapaolapsicologa.com\/en\/wp-json\/wp\/v2\/users\/1"}],"replies":[{"embeddable":true,"href":"https:\/\/claudiapaolapsicologa.com\/en\/wp-json\/wp\/v2\/comments?post=3"}],"version-history":[{"count":10,"href":"https:\/\/claudiapaolapsicologa.com\/en\/wp-json\/wp\/v2\/pages\/3\/revisions"}],"predecessor-version":[{"id":3838,"href":"https:\/\/claudiapaolapsicologa.com\/en\/wp-json\/wp\/v2\/pages\/3\/revisions\/3838"}],"wp:attachment":[{"href":"https:\/\/claudiapaolapsicologa.com\/en\/wp-json\/wp\/v2\/media?parent=3"}],"curies":[{"name":"wp","href":"https:\/\/api.w.org\/{rel}","templated":true}]}}